{"id":8,"date":"2025-03-17T19:56:12","date_gmt":"2025-03-17T18:56:12","guid":{"rendered":"https:\/\/gadeskeramik.dk\/index.php\/front_page\/"},"modified":"2026-01-13T15:01:59","modified_gmt":"2026-01-13T14:01:59","slug":"gades-keramik","status":"publish","type":"page","link":"https:\/\/gadeskeramik.dk\/","title":{"rendered":"Home"},"content":{"rendered":"\n\n\n\n\n\n\n\n\n\n","protected":false},"excerpt":{"rendered":"","protected":false},"author":1,"featured_media":0,"parent":0,"menu_order":0,"comment_status":"closed","ping_status":"closed","template":"","meta":{"saved_in_kubio":true,"footnotes":""},"class_list":["post-8","page","type-page","status-publish","hentry"],"kubio_ai_page_context":{"short_desc":"","purpose":"general","isFrontPage":true},"yoast_head":"<!-- This site is optimized with the Yoast SEO plugin v26.2 - https:\/\/yoast.com\/wordpress\/plugins\/seo\/ -->\n<title>Home - Gades Keramik<\/title>\n<meta name=\"description\" content=\"Har du lyst til at pr\u00f8ve kr\u00e6fter med keramik? Gades keramik tilbyder kurser, malecafe og event. Kom ud af hovedet og ned i h\u00e6nderne.\" \/>\n<meta name=\"robots\" content=\"index, follow, max-snippet:-1, max-image-preview:large, max-video-preview:-1\" \/>\n<link rel=\"canonical\" href=\"https:\/\/gadeskeramik.dk\/\" \/>\n<meta property=\"og:locale\" content=\"da_DK\" \/>\n<meta property=\"og:type\" content=\"article\" \/>\n<meta property=\"og:title\" content=\"Home - Gades Keramik\" \/>\n<meta property=\"og:description\" content=\"Har du lyst til at pr\u00f8ve kr\u00e6fter med keramik? Gades keramik tilbyder kurser, malecafe og event. Kom ud af hovedet og ned i h\u00e6nderne.\" \/>\n<meta property=\"og:url\" content=\"https:\/\/gadeskeramik.dk\/\" \/>\n<meta property=\"og:site_name\" content=\"Gades Keramik\" \/>\n<meta property=\"article:modified_time\" content=\"2026-01-13T14:01:59+00:00\" \/>\n<meta name=\"twitter:card\" content=\"summary_large_image\" \/>\n<script type=\"application\/ld+json\" class=\"yoast-schema-graph\">{\"@context\":\"https:\/\/schema.org\",\"@graph\":[{\"@type\":\"WebPage\",\"@id\":\"https:\/\/gadeskeramik.dk\/\",\"url\":\"https:\/\/gadeskeramik.dk\/\",\"name\":\"Home - Gades Keramik\",\"isPartOf\":{\"@id\":\"https:\/\/gadeskeramik.dk\/#website\"},\"datePublished\":\"2025-03-17T18:56:12+00:00\",\"dateModified\":\"2026-01-13T14:01:59+00:00\",\"description\":\"Har du lyst til at pr\u00f8ve kr\u00e6fter med keramik? Gades keramik tilbyder kurser, malecafe og event. Kom ud af hovedet og ned i h\u00e6nderne.\",\"breadcrumb\":{\"@id\":\"https:\/\/gadeskeramik.dk\/#breadcrumb\"},\"inLanguage\":\"da-DK\",\"potentialAction\":[{\"@type\":\"ReadAction\",\"target\":[\"https:\/\/gadeskeramik.dk\/\"]}]},{\"@type\":\"BreadcrumbList\",\"@id\":\"https:\/\/gadeskeramik.dk\/#breadcrumb\",\"itemListElement\":[{\"@type\":\"ListItem\",\"position\":1,\"name\":\"Hjem\",\"item\":\"https:\/\/gadeskeramik.dk\/\"},{\"@type\":\"ListItem\",\"position\":2,\"name\":\"Home\"}]},{\"@type\":\"WebSite\",\"@id\":\"https:\/\/gadeskeramik.dk\/#website\",\"url\":\"https:\/\/gadeskeramik.dk\/\",\"name\":\"Gades Keramik\",\"description\":\"\",\"publisher\":{\"@id\":\"https:\/\/gadeskeramik.dk\/#\/schema\/person\/913be71aa98727bb1dfcaf4026f794a0\"},\"potentialAction\":[{\"@type\":\"SearchAction\",\"target\":{\"@type\":\"EntryPoint\",\"urlTemplate\":\"https:\/\/gadeskeramik.dk\/?s={search_term_string}\"},\"query-input\":{\"@type\":\"PropertyValueSpecification\",\"valueRequired\":true,\"valueName\":\"search_term_string\"}}],\"inLanguage\":\"da-DK\"},{\"@type\":[\"Person\",\"Organization\"],\"@id\":\"https:\/\/gadeskeramik.dk\/#\/schema\/person\/913be71aa98727bb1dfcaf4026f794a0\",\"name\":\"sidsegade\",\"image\":{\"@type\":\"ImageObject\",\"inLanguage\":\"da-DK\",\"@id\":\"https:\/\/gadeskeramik.dk\/#\/schema\/person\/image\/\",\"url\":\"https:\/\/gadeskeramik.dk\/wp-content\/uploads\/2025\/03\/png-vintergaek-med-farve-og-tekst-beige-3.png\",\"contentUrl\":\"https:\/\/gadeskeramik.dk\/wp-content\/uploads\/2025\/03\/png-vintergaek-med-farve-og-tekst-beige-3.png\",\"width\":3508,\"height\":950,\"caption\":\"sidsegade\"},\"logo\":{\"@id\":\"https:\/\/gadeskeramik.dk\/#\/schema\/person\/image\/\"},\"sameAs\":[\"https:\/\/gadeskeramik.dk\"]}]}<\/script>\n<!-- \/ Yoast SEO plugin. -->","yoast_head_json":{"title":"Home - Gades Keramik","description":"Har du lyst til at pr\u00f8ve kr\u00e6fter med keramik? Gades keramik tilbyder kurser, malecafe og event. Kom ud af hovedet og ned i h\u00e6nderne.","robots":{"index":"index","follow":"follow","max-snippet":"max-snippet:-1","max-image-preview":"max-image-preview:large","max-video-preview":"max-video-preview:-1"},"canonical":"https:\/\/gadeskeramik.dk\/","og_locale":"da_DK","og_type":"article","og_title":"Home - Gades Keramik","og_description":"Har du lyst til at pr\u00f8ve kr\u00e6fter med keramik? Gades keramik tilbyder kurser, malecafe og event. Kom ud af hovedet og ned i h\u00e6nderne.","og_url":"https:\/\/gadeskeramik.dk\/","og_site_name":"Gades Keramik","article_modified_time":"2026-01-13T14:01:59+00:00","twitter_card":"summary_large_image","schema":{"@context":"https:\/\/schema.org","@graph":[{"@type":"WebPage","@id":"https:\/\/gadeskeramik.dk\/","url":"https:\/\/gadeskeramik.dk\/","name":"Home - Gades Keramik","isPartOf":{"@id":"https:\/\/gadeskeramik.dk\/#website"},"datePublished":"2025-03-17T18:56:12+00:00","dateModified":"2026-01-13T14:01:59+00:00","description":"Har du lyst til at pr\u00f8ve kr\u00e6fter med keramik? Gades keramik tilbyder kurser, malecafe og event. Kom ud af hovedet og ned i h\u00e6nderne.","breadcrumb":{"@id":"https:\/\/gadeskeramik.dk\/#breadcrumb"},"inLanguage":"da-DK","potentialAction":[{"@type":"ReadAction","target":["https:\/\/gadeskeramik.dk\/"]}]},{"@type":"BreadcrumbList","@id":"https:\/\/gadeskeramik.dk\/#breadcrumb","itemListElement":[{"@type":"ListItem","position":1,"name":"Hjem","item":"https:\/\/gadeskeramik.dk\/"},{"@type":"ListItem","position":2,"name":"Home"}]},{"@type":"WebSite","@id":"https:\/\/gadeskeramik.dk\/#website","url":"https:\/\/gadeskeramik.dk\/","name":"Gades Keramik","description":"","publisher":{"@id":"https:\/\/gadeskeramik.dk\/#\/schema\/person\/913be71aa98727bb1dfcaf4026f794a0"},"potentialAction":[{"@type":"SearchAction","target":{"@type":"EntryPoint","urlTemplate":"https:\/\/gadeskeramik.dk\/?s={search_term_string}"},"query-input":{"@type":"PropertyValueSpecification","valueRequired":true,"valueName":"search_term_string"}}],"inLanguage":"da-DK"},{"@type":["Person","Organization"],"@id":"https:\/\/gadeskeramik.dk\/#\/schema\/person\/913be71aa98727bb1dfcaf4026f794a0","name":"sidsegade","image":{"@type":"ImageObject","inLanguage":"da-DK","@id":"https:\/\/gadeskeramik.dk\/#\/schema\/person\/image\/","url":"https:\/\/gadeskeramik.dk\/wp-content\/uploads\/2025\/03\/png-vintergaek-med-farve-og-tekst-beige-3.png","contentUrl":"https:\/\/gadeskeramik.dk\/wp-content\/uploads\/2025\/03\/png-vintergaek-med-farve-og-tekst-beige-3.png","width":3508,"height":950,"caption":"sidsegade"},"logo":{"@id":"https:\/\/gadeskeramik.dk\/#\/schema\/person\/image\/"},"sameAs":["https:\/\/gadeskeramik.dk"]}]}},"jetpack_sharing_enabled":true,"_links":{"self":[{"href":"https:\/\/gadeskeramik.dk\/index.php\/wp-json\/wp\/v2\/pages\/8","targetHints":{"allow":["GET"]}}],"collection":[{"href":"https:\/\/gadeskeramik.dk\/index.php\/wp-json\/wp\/v2\/pages"}],"about":[{"href":"https:\/\/gadeskeramik.dk\/index.php\/wp-json\/wp\/v2\/types\/page"}],"author":[{"embeddable":true,"href":"https:\/\/gadeskeramik.dk\/index.php\/wp-json\/wp\/v2\/users\/1"}],"replies":[{"embeddable":true,"href":"https:\/\/gadeskeramik.dk\/index.php\/wp-json\/wp\/v2\/comments?post=8"}],"version-history":[{"count":5,"href":"https:\/\/gadeskeramik.dk\/index.php\/wp-json\/wp\/v2\/pages\/8\/revisions"}],"predecessor-version":[{"id":631,"href":"https:\/\/gadeskeramik.dk\/index.php\/wp-json\/wp\/v2\/pages\/8\/revisions\/631"}],"wp:attachment":[{"href":"https:\/\/gadeskeramik.dk\/index.php\/wp-json\/wp\/v2\/media?parent=8"}],"curies":[{"name":"wp","href":"https:\/\/api.w.org\/{rel}","templated":true}]}}