{"id":336,"date":"2025-05-14T13:16:19","date_gmt":"2025-05-14T11:16:19","guid":{"rendered":"https:\/\/gadeskeramik.dk\/index.php\/leje-af-ovnplads-2\/"},"modified":"2026-04-07T16:07:45","modified_gmt":"2026-04-07T14:07:45","slug":"leje-af-ovnplads-2","status":"publish","type":"page","link":"https:\/\/gadeskeramik.dk\/index.php\/leje-af-ovnplads-2\/","title":{"rendered":"Leje af Ovnplads"},"content":{"rendered":"","protected":false},"excerpt":{"rendered":"","protected":false},"author":1,"featured_media":0,"parent":0,"menu_order":0,"comment_status":"closed","ping_status":"closed","template":"","meta":{"saved_in_kubio":true,"footnotes":""},"class_list":["post-336","page","type-page","status-publish","hentry"],"kubio_ai_page_context":{"short_desc":"","purpose":"general"},"yoast_head":"<!-- This site is optimized with the Yoast SEO plugin v26.2 - https:\/\/yoast.com\/wordpress\/plugins\/seo\/ -->\n<title>Leje af Ovnplads - Gades Keramik<\/title>\n<meta name=\"description\" content=\"Har du brug for at f\u00e5 br\u00e6ndt dit keramik? S\u00e5 kan du leje ovnplads hos mig. Kontakt mig for at h\u00f8re mere om muligheden.\" \/>\n<meta name=\"robots\" content=\"index, follow, max-snippet:-1, max-image-preview:large, max-video-preview:-1\" \/>\n<link rel=\"canonical\" href=\"https:\/\/gadeskeramik.dk\/index.php\/leje-af-ovnplads-2\/\" \/>\n<meta property=\"og:locale\" content=\"da_DK\" \/>\n<meta property=\"og:type\" content=\"article\" \/>\n<meta property=\"og:title\" content=\"Leje af Ovnplads - Gades Keramik\" \/>\n<meta property=\"og:description\" content=\"Har du brug for at f\u00e5 br\u00e6ndt dit keramik? S\u00e5 kan du leje ovnplads hos mig. Kontakt mig for at h\u00f8re mere om muligheden.\" \/>\n<meta property=\"og:url\" content=\"https:\/\/gadeskeramik.dk\/index.php\/leje-af-ovnplads-2\/\" \/>\n<meta property=\"og:site_name\" content=\"Gades Keramik\" \/>\n<meta property=\"article:modified_time\" content=\"2026-04-07T14:07:45+00:00\" \/>\n<meta name=\"twitter:card\" content=\"summary_large_image\" \/>\n<meta name=\"twitter:label1\" content=\"Estimeret l\u00e6setid\" \/>\n\t<meta name=\"twitter:data1\" content=\"4 minutter\" \/>\n<script type=\"application\/ld+json\" class=\"yoast-schema-graph\">{\"@context\":\"https:\/\/schema.org\",\"@graph\":[{\"@type\":\"WebPage\",\"@id\":\"https:\/\/gadeskeramik.dk\/index.php\/leje-af-ovnplads-2\/\",\"url\":\"https:\/\/gadeskeramik.dk\/index.php\/leje-af-ovnplads-2\/\",\"name\":\"Leje af Ovnplads - Gades Keramik\",\"isPartOf\":{\"@id\":\"https:\/\/gadeskeramik.dk\/#website\"},\"datePublished\":\"2025-05-14T11:16:19+00:00\",\"dateModified\":\"2026-04-07T14:07:45+00:00\",\"description\":\"Har du brug for at f\u00e5 br\u00e6ndt dit keramik? S\u00e5 kan du leje ovnplads hos mig. Kontakt mig for at h\u00f8re mere om muligheden.\",\"breadcrumb\":{\"@id\":\"https:\/\/gadeskeramik.dk\/index.php\/leje-af-ovnplads-2\/#breadcrumb\"},\"inLanguage\":\"da-DK\",\"potentialAction\":[{\"@type\":\"ReadAction\",\"target\":[\"https:\/\/gadeskeramik.dk\/index.php\/leje-af-ovnplads-2\/\"]}]},{\"@type\":\"BreadcrumbList\",\"@id\":\"https:\/\/gadeskeramik.dk\/index.php\/leje-af-ovnplads-2\/#breadcrumb\",\"itemListElement\":[{\"@type\":\"ListItem\",\"position\":1,\"name\":\"Hjem\",\"item\":\"https:\/\/gadeskeramik.dk\/\"},{\"@type\":\"ListItem\",\"position\":2,\"name\":\"Leje af Ovnplads\"}]},{\"@type\":\"WebSite\",\"@id\":\"https:\/\/gadeskeramik.dk\/#website\",\"url\":\"https:\/\/gadeskeramik.dk\/\",\"name\":\"Gades Keramik\",\"description\":\"\",\"publisher\":{\"@id\":\"https:\/\/gadeskeramik.dk\/#\/schema\/person\/913be71aa98727bb1dfcaf4026f794a0\"},\"potentialAction\":[{\"@type\":\"SearchAction\",\"target\":{\"@type\":\"EntryPoint\",\"urlTemplate\":\"https:\/\/gadeskeramik.dk\/?s={search_term_string}\"},\"query-input\":{\"@type\":\"PropertyValueSpecification\",\"valueRequired\":true,\"valueName\":\"search_term_string\"}}],\"inLanguage\":\"da-DK\"},{\"@type\":[\"Person\",\"Organization\"],\"@id\":\"https:\/\/gadeskeramik.dk\/#\/schema\/person\/913be71aa98727bb1dfcaf4026f794a0\",\"name\":\"sidsegade\",\"image\":{\"@type\":\"ImageObject\",\"inLanguage\":\"da-DK\",\"@id\":\"https:\/\/gadeskeramik.dk\/#\/schema\/person\/image\/\",\"url\":\"https:\/\/gadeskeramik.dk\/wp-content\/uploads\/2025\/03\/png-vintergaek-med-farve-og-tekst-beige-3.png\",\"contentUrl\":\"https:\/\/gadeskeramik.dk\/wp-content\/uploads\/2025\/03\/png-vintergaek-med-farve-og-tekst-beige-3.png\",\"width\":3508,\"height\":950,\"caption\":\"sidsegade\"},\"logo\":{\"@id\":\"https:\/\/gadeskeramik.dk\/#\/schema\/person\/image\/\"},\"sameAs\":[\"https:\/\/gadeskeramik.dk\"]}]}<\/script>\n<!-- \/ Yoast SEO plugin. -->","yoast_head_json":{"title":"Leje af Ovnplads - Gades Keramik","description":"Har du brug for at f\u00e5 br\u00e6ndt dit keramik? S\u00e5 kan du leje ovnplads hos mig. Kontakt mig for at h\u00f8re mere om muligheden.","robots":{"index":"index","follow":"follow","max-snippet":"max-snippet:-1","max-image-preview":"max-image-preview:large","max-video-preview":"max-video-preview:-1"},"canonical":"https:\/\/gadeskeramik.dk\/index.php\/leje-af-ovnplads-2\/","og_locale":"da_DK","og_type":"article","og_title":"Leje af Ovnplads - Gades Keramik","og_description":"Har du brug for at f\u00e5 br\u00e6ndt dit keramik? S\u00e5 kan du leje ovnplads hos mig. Kontakt mig for at h\u00f8re mere om muligheden.","og_url":"https:\/\/gadeskeramik.dk\/index.php\/leje-af-ovnplads-2\/","og_site_name":"Gades Keramik","article_modified_time":"2026-04-07T14:07:45+00:00","twitter_card":"summary_large_image","twitter_misc":{"Estimeret l\u00e6setid":"4 minutter"},"schema":{"@context":"https:\/\/schema.org","@graph":[{"@type":"WebPage","@id":"https:\/\/gadeskeramik.dk\/index.php\/leje-af-ovnplads-2\/","url":"https:\/\/gadeskeramik.dk\/index.php\/leje-af-ovnplads-2\/","name":"Leje af Ovnplads - Gades Keramik","isPartOf":{"@id":"https:\/\/gadeskeramik.dk\/#website"},"datePublished":"2025-05-14T11:16:19+00:00","dateModified":"2026-04-07T14:07:45+00:00","description":"Har du brug for at f\u00e5 br\u00e6ndt dit keramik? S\u00e5 kan du leje ovnplads hos mig. Kontakt mig for at h\u00f8re mere om muligheden.","breadcrumb":{"@id":"https:\/\/gadeskeramik.dk\/index.php\/leje-af-ovnplads-2\/#breadcrumb"},"inLanguage":"da-DK","potentialAction":[{"@type":"ReadAction","target":["https:\/\/gadeskeramik.dk\/index.php\/leje-af-ovnplads-2\/"]}]},{"@type":"BreadcrumbList","@id":"https:\/\/gadeskeramik.dk\/index.php\/leje-af-ovnplads-2\/#breadcrumb","itemListElement":[{"@type":"ListItem","position":1,"name":"Hjem","item":"https:\/\/gadeskeramik.dk\/"},{"@type":"ListItem","position":2,"name":"Leje af Ovnplads"}]},{"@type":"WebSite","@id":"https:\/\/gadeskeramik.dk\/#website","url":"https:\/\/gadeskeramik.dk\/","name":"Gades Keramik","description":"","publisher":{"@id":"https:\/\/gadeskeramik.dk\/#\/schema\/person\/913be71aa98727bb1dfcaf4026f794a0"},"potentialAction":[{"@type":"SearchAction","target":{"@type":"EntryPoint","urlTemplate":"https:\/\/gadeskeramik.dk\/?s={search_term_string}"},"query-input":{"@type":"PropertyValueSpecification","valueRequired":true,"valueName":"search_term_string"}}],"inLanguage":"da-DK"},{"@type":["Person","Organization"],"@id":"https:\/\/gadeskeramik.dk\/#\/schema\/person\/913be71aa98727bb1dfcaf4026f794a0","name":"sidsegade","image":{"@type":"ImageObject","inLanguage":"da-DK","@id":"https:\/\/gadeskeramik.dk\/#\/schema\/person\/image\/","url":"https:\/\/gadeskeramik.dk\/wp-content\/uploads\/2025\/03\/png-vintergaek-med-farve-og-tekst-beige-3.png","contentUrl":"https:\/\/gadeskeramik.dk\/wp-content\/uploads\/2025\/03\/png-vintergaek-med-farve-og-tekst-beige-3.png","width":3508,"height":950,"caption":"sidsegade"},"logo":{"@id":"https:\/\/gadeskeramik.dk\/#\/schema\/person\/image\/"},"sameAs":["https:\/\/gadeskeramik.dk"]}]}},"jetpack_sharing_enabled":true,"_links":{"self":[{"href":"https:\/\/gadeskeramik.dk\/index.php\/wp-json\/wp\/v2\/pages\/336","targetHints":{"allow":["GET"]}}],"collection":[{"href":"https:\/\/gadeskeramik.dk\/index.php\/wp-json\/wp\/v2\/pages"}],"about":[{"href":"https:\/\/gadeskeramik.dk\/index.php\/wp-json\/wp\/v2\/types\/page"}],"author":[{"embeddable":true,"href":"https:\/\/gadeskeramik.dk\/index.php\/wp-json\/wp\/v2\/users\/1"}],"replies":[{"embeddable":true,"href":"https:\/\/gadeskeramik.dk\/index.php\/wp-json\/wp\/v2\/comments?post=336"}],"version-history":[{"count":5,"href":"https:\/\/gadeskeramik.dk\/index.php\/wp-json\/wp\/v2\/pages\/336\/revisions"}],"predecessor-version":[{"id":653,"href":"https:\/\/gadeskeramik.dk\/index.php\/wp-json\/wp\/v2\/pages\/336\/revisions\/653"}],"wp:attachment":[{"href":"https:\/\/gadeskeramik.dk\/index.php\/wp-json\/wp\/v2\/media?parent=336"}],"curies":[{"name":"wp","href":"https:\/\/api.w.org\/{rel}","templated":true}]}}