{"id":100,"date":"2025-03-17T23:35:34","date_gmt":"2025-03-17T22:35:34","guid":{"rendered":"https:\/\/gadeskeramik.dk\/index.php\/bag-om\/"},"modified":"2025-10-01T11:48:43","modified_gmt":"2025-10-01T09:48:43","slug":"bag-om","status":"publish","type":"page","link":"https:\/\/gadeskeramik.dk\/index.php\/bag-om\/","title":{"rendered":"Bag om"},"content":{"rendered":"\n\n","protected":false},"excerpt":{"rendered":"","protected":false},"author":1,"featured_media":0,"parent":0,"menu_order":0,"comment_status":"closed","ping_status":"closed","template":"","meta":{"saved_in_kubio":true,"footnotes":""},"class_list":["post-100","page","type-page","status-publish","hentry"],"kubio_ai_page_context":{"short_desc":"GADESkeramik opstod ud af et \u00f8nske om at udbrede k\u00e6rligheden til ler. Bag biksen st\u00e5r jeg, Sidse Gade, som underviser og\n\nI mit v\u00e6rksted er alle velkomne, nybegynder som \u00f8vet!","purpose":"about"},"yoast_head":"<!-- This site is optimized with the Yoast SEO plugin v26.2 - https:\/\/yoast.com\/wordpress\/plugins\/seo\/ -->\n<title>Bag om - Gades Keramik<\/title>\n<meta name=\"description\" content=\"Gades keramik er drevet af Sidse Gade, som har keramikv\u00e6rksted i Skals, hvor hun tilbyder kurser, malecaf\u00e9, event og privat undervisning.\" \/>\n<meta name=\"robots\" content=\"index, follow, max-snippet:-1, max-image-preview:large, max-video-preview:-1\" \/>\n<link rel=\"canonical\" href=\"https:\/\/gadeskeramik.dk\/index.php\/bag-om\/\" \/>\n<meta property=\"og:locale\" content=\"da_DK\" \/>\n<meta property=\"og:type\" content=\"article\" \/>\n<meta property=\"og:title\" content=\"Bag om - Gades Keramik\" \/>\n<meta property=\"og:description\" content=\"Gades keramik er drevet af Sidse Gade, som har keramikv\u00e6rksted i Skals, hvor hun tilbyder kurser, malecaf\u00e9, event og privat undervisning.\" \/>\n<meta property=\"og:url\" content=\"https:\/\/gadeskeramik.dk\/index.php\/bag-om\/\" \/>\n<meta property=\"og:site_name\" content=\"Gades Keramik\" \/>\n<meta property=\"article:modified_time\" content=\"2025-10-01T09:48:43+00:00\" \/>\n<meta name=\"twitter:card\" content=\"summary_large_image\" \/>\n<script type=\"application\/ld+json\" class=\"yoast-schema-graph\">{\"@context\":\"https:\/\/schema.org\",\"@graph\":[{\"@type\":\"WebPage\",\"@id\":\"https:\/\/gadeskeramik.dk\/index.php\/bag-om\/\",\"url\":\"https:\/\/gadeskeramik.dk\/index.php\/bag-om\/\",\"name\":\"Bag om - Gades Keramik\",\"isPartOf\":{\"@id\":\"https:\/\/gadeskeramik.dk\/#website\"},\"datePublished\":\"2025-03-17T22:35:34+00:00\",\"dateModified\":\"2025-10-01T09:48:43+00:00\",\"description\":\"Gades keramik er drevet af Sidse Gade, som har keramikv\u00e6rksted i Skals, hvor hun tilbyder kurser, malecaf\u00e9, event og privat undervisning.\",\"breadcrumb\":{\"@id\":\"https:\/\/gadeskeramik.dk\/index.php\/bag-om\/#breadcrumb\"},\"inLanguage\":\"da-DK\",\"potentialAction\":[{\"@type\":\"ReadAction\",\"target\":[\"https:\/\/gadeskeramik.dk\/index.php\/bag-om\/\"]}]},{\"@type\":\"BreadcrumbList\",\"@id\":\"https:\/\/gadeskeramik.dk\/index.php\/bag-om\/#breadcrumb\",\"itemListElement\":[{\"@type\":\"ListItem\",\"position\":1,\"name\":\"Hjem\",\"item\":\"https:\/\/gadeskeramik.dk\/\"},{\"@type\":\"ListItem\",\"position\":2,\"name\":\"Bag om\"}]},{\"@type\":\"WebSite\",\"@id\":\"https:\/\/gadeskeramik.dk\/#website\",\"url\":\"https:\/\/gadeskeramik.dk\/\",\"name\":\"Gades Keramik\",\"description\":\"\",\"publisher\":{\"@id\":\"https:\/\/gadeskeramik.dk\/#\/schema\/person\/913be71aa98727bb1dfcaf4026f794a0\"},\"potentialAction\":[{\"@type\":\"SearchAction\",\"target\":{\"@type\":\"EntryPoint\",\"urlTemplate\":\"https:\/\/gadeskeramik.dk\/?s={search_term_string}\"},\"query-input\":{\"@type\":\"PropertyValueSpecification\",\"valueRequired\":true,\"valueName\":\"search_term_string\"}}],\"inLanguage\":\"da-DK\"},{\"@type\":[\"Person\",\"Organization\"],\"@id\":\"https:\/\/gadeskeramik.dk\/#\/schema\/person\/913be71aa98727bb1dfcaf4026f794a0\",\"name\":\"sidsegade\",\"image\":{\"@type\":\"ImageObject\",\"inLanguage\":\"da-DK\",\"@id\":\"https:\/\/gadeskeramik.dk\/#\/schema\/person\/image\/\",\"url\":\"https:\/\/gadeskeramik.dk\/wp-content\/uploads\/2025\/03\/png-vintergaek-med-farve-og-tekst-beige-3.png\",\"contentUrl\":\"https:\/\/gadeskeramik.dk\/wp-content\/uploads\/2025\/03\/png-vintergaek-med-farve-og-tekst-beige-3.png\",\"width\":3508,\"height\":950,\"caption\":\"sidsegade\"},\"logo\":{\"@id\":\"https:\/\/gadeskeramik.dk\/#\/schema\/person\/image\/\"},\"sameAs\":[\"https:\/\/gadeskeramik.dk\"]}]}<\/script>\n<!-- \/ Yoast SEO plugin. -->","yoast_head_json":{"title":"Bag om - Gades Keramik","description":"Gades keramik er drevet af Sidse Gade, som har keramikv\u00e6rksted i Skals, hvor hun tilbyder kurser, malecaf\u00e9, event og privat undervisning.","robots":{"index":"index","follow":"follow","max-snippet":"max-snippet:-1","max-image-preview":"max-image-preview:large","max-video-preview":"max-video-preview:-1"},"canonical":"https:\/\/gadeskeramik.dk\/index.php\/bag-om\/","og_locale":"da_DK","og_type":"article","og_title":"Bag om - Gades Keramik","og_description":"Gades keramik er drevet af Sidse Gade, som har keramikv\u00e6rksted i Skals, hvor hun tilbyder kurser, malecaf\u00e9, event og privat undervisning.","og_url":"https:\/\/gadeskeramik.dk\/index.php\/bag-om\/","og_site_name":"Gades Keramik","article_modified_time":"2025-10-01T09:48:43+00:00","twitter_card":"summary_large_image","schema":{"@context":"https:\/\/schema.org","@graph":[{"@type":"WebPage","@id":"https:\/\/gadeskeramik.dk\/index.php\/bag-om\/","url":"https:\/\/gadeskeramik.dk\/index.php\/bag-om\/","name":"Bag om - Gades Keramik","isPartOf":{"@id":"https:\/\/gadeskeramik.dk\/#website"},"datePublished":"2025-03-17T22:35:34+00:00","dateModified":"2025-10-01T09:48:43+00:00","description":"Gades keramik er drevet af Sidse Gade, som har keramikv\u00e6rksted i Skals, hvor hun tilbyder kurser, malecaf\u00e9, event og privat undervisning.","breadcrumb":{"@id":"https:\/\/gadeskeramik.dk\/index.php\/bag-om\/#breadcrumb"},"inLanguage":"da-DK","potentialAction":[{"@type":"ReadAction","target":["https:\/\/gadeskeramik.dk\/index.php\/bag-om\/"]}]},{"@type":"BreadcrumbList","@id":"https:\/\/gadeskeramik.dk\/index.php\/bag-om\/#breadcrumb","itemListElement":[{"@type":"ListItem","position":1,"name":"Hjem","item":"https:\/\/gadeskeramik.dk\/"},{"@type":"ListItem","position":2,"name":"Bag om"}]},{"@type":"WebSite","@id":"https:\/\/gadeskeramik.dk\/#website","url":"https:\/\/gadeskeramik.dk\/","name":"Gades Keramik","description":"","publisher":{"@id":"https:\/\/gadeskeramik.dk\/#\/schema\/person\/913be71aa98727bb1dfcaf4026f794a0"},"potentialAction":[{"@type":"SearchAction","target":{"@type":"EntryPoint","urlTemplate":"https:\/\/gadeskeramik.dk\/?s={search_term_string}"},"query-input":{"@type":"PropertyValueSpecification","valueRequired":true,"valueName":"search_term_string"}}],"inLanguage":"da-DK"},{"@type":["Person","Organization"],"@id":"https:\/\/gadeskeramik.dk\/#\/schema\/person\/913be71aa98727bb1dfcaf4026f794a0","name":"sidsegade","image":{"@type":"ImageObject","inLanguage":"da-DK","@id":"https:\/\/gadeskeramik.dk\/#\/schema\/person\/image\/","url":"https:\/\/gadeskeramik.dk\/wp-content\/uploads\/2025\/03\/png-vintergaek-med-farve-og-tekst-beige-3.png","contentUrl":"https:\/\/gadeskeramik.dk\/wp-content\/uploads\/2025\/03\/png-vintergaek-med-farve-og-tekst-beige-3.png","width":3508,"height":950,"caption":"sidsegade"},"logo":{"@id":"https:\/\/gadeskeramik.dk\/#\/schema\/person\/image\/"},"sameAs":["https:\/\/gadeskeramik.dk"]}]}},"jetpack_sharing_enabled":true,"_links":{"self":[{"href":"https:\/\/gadeskeramik.dk\/index.php\/wp-json\/wp\/v2\/pages\/100","targetHints":{"allow":["GET"]}}],"collection":[{"href":"https:\/\/gadeskeramik.dk\/index.php\/wp-json\/wp\/v2\/pages"}],"about":[{"href":"https:\/\/gadeskeramik.dk\/index.php\/wp-json\/wp\/v2\/types\/page"}],"author":[{"embeddable":true,"href":"https:\/\/gadeskeramik.dk\/index.php\/wp-json\/wp\/v2\/users\/1"}],"replies":[{"embeddable":true,"href":"https:\/\/gadeskeramik.dk\/index.php\/wp-json\/wp\/v2\/comments?post=100"}],"version-history":[{"count":10,"href":"https:\/\/gadeskeramik.dk\/index.php\/wp-json\/wp\/v2\/pages\/100\/revisions"}],"predecessor-version":[{"id":135,"href":"https:\/\/gadeskeramik.dk\/index.php\/wp-json\/wp\/v2\/pages\/100\/revisions\/135"}],"wp:attachment":[{"href":"https:\/\/gadeskeramik.dk\/index.php\/wp-json\/wp\/v2\/media?parent=100"}],"curies":[{"name":"wp","href":"https:\/\/api.w.org\/{rel}","templated":true}]}}